{"id":1308,"date":"2023-06-29T06:38:40","date_gmt":"2023-06-29T06:38:40","guid":{"rendered":"https:\/\/visitalta.no\/en\/?post_type=product&#038;p=1308"},"modified":"2025-09-03T08:57:56","modified_gmt":"2025-09-03T08:57:56","slug":"the-reindeer-a-carrier-of-sami-culture","status":"publish","type":"product","link":"https:\/\/visitalta.no\/en\/product\/the-reindeer-a-carrier-of-sami-culture\/","title":{"rendered":"The Reindeer &#8211; a carrier of S\u00e1mi culture"},"content":{"rendered":"\n\t\t<div class=\"wp-block-vnn-ingress\">\n\t\t\t<div class=\"vnn__ingress\">\n\t\t\t\tMeet our reindeer &#8211; amazing animals that you can experience up close with us at Sami Siida.\n\t\t\t<\/div>\n\t\t\t\n\t\t<\/div>\n\n<div class=\"metas-in-one-column alignwide wp-block-vnn-activity-metas\">\n\t\t\t<div class=\"wp-block-vnn-activity-meta-parent\">\n\t\t\t\n\t\t<div class=\"vnn__activity-meta-item\">\n\t\t\t<svg xmlns=\"http:\/\/www.w3.org\/2000\/svg\" viewBox=\"0 0 24 24\"><path d=\"M24 15c0-.2-.2-.4-.4-.5-2.8-1.4-6.2-1.4-9 .1-1.2.7-1.9 1.6-2.1 2.6-.2 1 .1 2.1.9 3.3-.4.7-.8 1.5-1.2 2.5-.2.4 0 .8.4 1 .1 0 .2.1.3.1.3 0 .6-.2.7-.5.3-.6.5-1.2.8-1.7.6.8 1.7 1.9 3.2 1.9h.3c3.3-.3 4.2-3.4 4.9-5.7.3-1 .6-2 1-2.5.2-.1.2-.3.2-.6zm-2.6 2.7c-.8 2.6-1.5 4.4-3.6 4.6-1.3.1-2.2-1.3-2.5-1.8 1.2-1.4 2.2-1.6 2.3-1.6.4-.1.7-.4.6-.8-.1-.4-.4-.7-.8-.7-.1 0-1.5.2-3 1.8-.4-.6-.5-1.2-.4-1.8.1-.6.6-1.2 1.3-1.6 2.1-1.1 4.6-1.2 6.8-.4-.2.8-.5 1.5-.7 2.3z\"\/><path d=\"M13.3 6.1c2.5.6 4.3 2.6 4.6 5.2 0 .4.4.7.8.7s.7-.4.7-.8C19 8 16.7 5.4 13.6 4.7c-4-.9-8.1 1.6-9 5.6-.4 2-.1 4 1 5.7 1.1 1.7 2.7 2.9 4.7 3.3h.2c.3 0 .7-.2.7-.6.1-.4-.2-.8-.6-.9-1.6-.4-2.9-1.3-3.7-2.7s-1.1-3-.8-4.5c.8-3.2 4-5.2 7.2-4.5zM12 3c.4 0 .8-.3.8-.8V.8c0-.5-.4-.8-.8-.8s-.8.3-.8.8v1.5c0 .4.4.7.8.7zM18.9 5.9c.2 0 .4-.1.5-.2l1.1-1.1c.3-.3.3-.8 0-1.1-.3-.3-.8-.3-1.1 0l-1.1 1.1c-.3.3-.3.8 0 1.1.2.1.4.2.6.2zM4.6 18.4l-1.1 1c-.3.3-.3.8 0 1.1.1.1.3.2.5.2s.4-.1.5-.2l1.1-1c.3-.3.3-.8 0-1.1-.2-.3-.7-.3-1 0zM2.2 11.2H.8c-.5 0-.8.4-.8.8s.3.8.8.8h1.5c.4 0 .7-.4.7-.8s-.3-.8-.8-.8zM4.6 5.6c.1.1.3.2.5.2s.4-.1.5-.2c.3-.3.3-.8 0-1.1l-1-1c-.3-.3-.8-.3-1.1 0s-.3.8 0 1.1l1.1 1z\"\/><\/svg>\n\t\t\t<h3 class=\"vnn-activity-meta-item-title\">Season<\/h3>\n\t\t\t<p class=\"vnn-activity-meta-item-content\">All year<\/p>\n\t\t<\/div>\n\t\t<div class=\"vnn__activity-meta-item\">\n\t\t\t<svg xmlns=\"http:\/\/www.w3.org\/2000\/svg\" viewBox=\"0 0 24 24\"><path d=\"M12 3.8C5.3 3.8-.1 9.3 0 15.9V18c0 1.2 1 2.2 2.2 2.2h19.5c1.2 0 2.2-1 2.2-2.2v-2.1C24 9.3 18.7 3.8 12 3.8zm0 12.7c1.2 0 2.2 1 2.2 2.2H9.8c0-1.2 1-2.2 2.2-2.2zM22.5 18c0 .4-.3.8-.8.8h-6c0-1.7-1.2-3.2-2.8-3.6l2-5.9c.1-.4-.1-.8-.5-.9-.4-.1-.8.1-.9.5l-2.1 6.3c-1.8.3-3.2 1.8-3.2 3.7h-6c-.4 0-.8-.3-.8-.8V16c0-2.8 1.1-5.5 3-7.5 2-2 4.6-3.1 7.5-3.2 5.8 0 10.5 4.8 10.5 10.7v2z\"\/><path d=\"M4.9 14.2c-.6 0-1.1.5-1.1 1.1s.5 1.1 1.1 1.1S6 16 6 15.4s-.5-1.2-1.1-1.2zM6.4 10.5c-.6 0-1.1.5-1.1 1.1s.5 1.1 1.1 1.1 1.1-.5 1.1-1.1-.5-1.1-1.1-1.1zM19.2 14.3c-.1 0-.1-.1 0 0-.1-.1-.1 0 0 0h-.3c-.5.1-.9.5-.9 1.1 0 .6.5 1.1 1.1 1.1s1.1-.5 1.1-1.1c0-.5-.4-1-.9-1.1h-.1zM18.8 11.6c0-.5-.4-.9-.8-1.1-.2-.1-.4-.1-.6 0-.5.1-.8.6-.8 1.1 0 .6.5 1.1 1.1 1.1s1.1-.5 1.1-1.1zM9.7 7.6c-.1 0-.2-.1-.3-.1h-.2c-.6.2-1 .6-1 1.1 0 .6.5 1.1 1.1 1.1s1.1-.5 1.1-1.1c.1-.5-.3-.9-.7-1z\"\/><\/svg>\n\t\t\t<h3 class=\"vnn-activity-meta-item-title\">Difficulty<\/h3>\n\t\t\t<p class=\"vnn-activity-meta-item-content\">Easy<\/p>\n\t\t<\/div>\n\t\t<div class=\"vnn__activity-meta-item\">\n\t\t\t<svg xmlns=\"http:\/\/www.w3.org\/2000\/svg\" viewBox=\"0 0 24 24\"><path d=\"M19 7.5l.9-.9c.1.1.2.1.3.1.2 0 .4-.1.5-.2.3-.3.3-.8 0-1.1l-.4-.4-.3-.3c-.3-.3-.8-.3-1.1 0-.2.2-.3.6-.1.9l-.9.9c-1.5-1.2-3.3-1.8-5.2-2v-3h1.5c.4 0 .8-.3.8-.8s-.3-.7-.8-.7H9.8c-.5 0-.8.3-.8.8s.3.8.8.8h1.5v3c-2.4.1-4.5 1.1-6.2 2.8-3.8 3.8-3.8 10 0 13.8C7 23 9.5 24 12 24s5-1 6.9-2.9c3.7-3.7 3.8-9.8.1-13.6zm-1.2 12.6c-3.2 3.2-8.4 3.2-11.7 0-3.2-3.2-3.2-8.5 0-11.7C7.7 6.9 9.8 6 12 6s4.3.9 5.8 2.4c3.3 3.2 3.3 8.5 0 11.7z\"\/><path d=\"M8.8 10.3c-.3-.3-.7-.3-1.1 0-.3.3-.3.8-.1 1.1l3.8 4.1c.1.2.4.2.6.2.2 0 .4-.1.5-.2.3-.3.3-.8.1-1.1l-3.8-4.1z\"\/><\/svg>\n\t\t\t<h3 class=\"vnn-activity-meta-item-title\">Duration<\/h3>\n\t\t\t<p class=\"vnn-activity-meta-item-content\">3 hours<\/p>\n\t\t<\/div>\n\t\t<\/div><div class=\"vnn-map wp-block-vnn-activity-meta-map\">\n\t\t\t<div class=\"expand-icon\">\n\t\t\t\t<a\n\t\t\t\t\thref={`https:\/\/www.google.com\/maps\/search\/?api=1&#038;query=69.93077,23.25493`}\n\t\t\t\t\ttarget=\"_blank\"\n\t\t\t\t\trel=\"noopener noreferrer\"\n\t\t\t\t>\n\t\t\t\t\t<svg xmlns=\"http:\/\/www.w3.org\/2000\/svg\" width=\"24\" height=\"24\" viewBox=\"0 0 24 24\" fill=\"none\" stroke=\"currentColor\"\n\t\t\t\t\t\tstrokeWidth=\"2\" strokeLinecap=\"round\" strokeLinejoin=\"round\" className=\"feather feather-maximize-2\">\n\t\t\t\t\t\t<polyline points=\"15 3 21 3 21 9\"><\/polyline>\n\t\t\t\t\t\t<polyline points=\"9 21 3 21 3 15\"><\/polyline>\n\t\t\t\t\t\t<line x1=\"21\" y1=\"3\" x2=\"14\" y2=\"10\"><\/line>\n\t\t\t\t\t\t<line x1=\"3\" y1=\"21\" x2=\"10\" y2=\"14\"><\/line>\n\t\t\t\t\t<\/svg>\n\t\t\t\t<\/a>\n\t\t\t<\/div>\n\t\t\t<div\n\t\t\t\tclass=\"activity-meta-map\"\n\t\t\t\tdata-location-lat=\"69.93077\"\n\t\t\t\tdata-location-long=\"23.25493\"\n\t\t\t\tid=\"njpgw1q9d6x1ug0yplqg\"\n\t\t\t>\n\t\t\t<\/div>\n\t\t<\/div>\n\t\t<\/div>\n\n\n<p>The reindeer, an animal that for generations has been significant to S\u00e1mi culture and their survival as indigenous people. The reindeer is the fundamental element for the existence of reindeer husbandry, and the entire way of life for the reindeer herding s\u00e1mi is based on the reindeer. Taking care of the animals is the highest priority among the s\u00e1mi, as it is with us at s\u00e1mi Siida. The reindeer are here all year round. Some arrive in the autumn and others are born here in the spring. Meet and feed these magnificent animals and get to know them through our experienced guides. They will give you a better understanding of reindeer and reindeer husbandry in Norway. You will have a unique opportunity to be close to reindeer and take pictures with them<\/p>\n\n\n\n<p>If weather and light conditions are optimal, you may also experience the magical northern lights dance in the sky while hand-feeding the reindeer<\/p>\n\n\n\n<figure class=\"wp-block-image size-large\"><img loading=\"lazy\" decoding=\"async\" width=\"1024\" height=\"768\" src=\"https:\/\/visitalta.no\/content\/uploads\/2023\/06\/reinsdyret-samisk-kulturbaerer-edited-1024x768.jpeg\" alt=\"\" class=\"wp-image-3193\" srcset=\"https:\/\/visitalta.no\/content\/uploads\/2023\/06\/reinsdyret-samisk-kulturbaerer-edited-1024x768.jpeg 1024w, https:\/\/visitalta.no\/content\/uploads\/2023\/06\/reinsdyret-samisk-kulturbaerer-edited-300x225.jpeg 300w, https:\/\/visitalta.no\/content\/uploads\/2023\/06\/reinsdyret-samisk-kulturbaerer-edited-768x576.jpeg 768w, https:\/\/visitalta.no\/content\/uploads\/2023\/06\/reinsdyret-samisk-kulturbaerer-edited.jpeg 1536w\" sizes=\"auto, (max-width: 1024px) 100vw, 1024px\" \/><\/figure>\n\n\n\n\t\t<div class=\" alignwide wp-block-vnn-booking\">\n\t\t\t<div class=\"vnn-booking__image\">\n\t\t\t\t<img decoding=\"async\" src=\"https:\/\/visitalta.no\/content\/uploads\/2020\/10\/SamiSiida_svart.png\" alt=\"\" \/>\n\t\t\t<\/div>\n\t\t\t<div class=\"vnn-booking__content\">\n\t\t\t\t\n<h2 class=\"wp-block-heading\" id=\"h-the-reindeer-a-carrier-of-s-mi-culture\">The Reindeer &#8211;<br>a carrier of S\u00e1mi culture<\/h2>\n\n<p>Meet our reindeer &#8211; amazing animals that you can experience up close with us at Sami Siida.<\/p>\n\n<div class=\"wp-block-button link-to-booking-provider-button\"><a class=\"wp-block-button__link has-dark-blue-background-color has-background wp-element-button\">Book here<\/a><\/div>\n\n\t\t\t<\/div>\n\t\t<\/div>","protected":false},"featured_media":3192,"template":"","meta":{"_acf_changed":false,"_trash_the_other_posts":false,"t2_featured_media_focal_point":{"x":0.5,"y":0.5},"vnn_header_layout":"featured","vnn_header_layout_image_id":3192,"vnn_header_layout_image_focal_point_x":0.5,"vnn_header_layout_image_focal_point_y":0.5,"vnn_header_layout_description":"","vnn_header_layout_url":"","vnn_header_layout_url_text":"","vnn_header_layout_photographer":"","vnn_header_layout_video_id":"","vnn_header_layout_yt_id":"","vnn_header_layout_vimeo_id":"","teft_location_geodata_lat":0,"teft_location_geodata_lng":0},"activity_type":[1281,1137,1293,1296],"season":[7,6,11,5],"target_group":[1261,1260,1257,1263,1262,1254,1258,1265,1264,1266,1267,1259],"types_of_suppliers":[],"provider":[1237],"class_list":["post-1308","product","type-product","status-publish","has-post-thumbnail","hentry","activity_type-activities","activity_type-culture-and-history","activity_type-hiking","activity_type-sami-experiences","season-fall","season-spring","season-summer","season-winter","target_group-adventurouscouplesautumn","target_group-adventurouscouplessummer","target_group-adventurouscoupleswinter","target_group-familyautumn","target_group-familysummer","target_group-familywinter","target_group-friendshipbonderswinter","target_group-friendshipbondersautumn","target_group-friendshipbonderssummer","target_group-localinsiderautumn","target_group-localinsidersummer","target_group-localinsiderwinter","provider-sami-siida"],"acf":[],"yoast_head":"<!-- This site is optimized with the Yoast SEO Premium plugin v24.5 (Yoast SEO v25.3.1) - https:\/\/yoast.com\/wordpress\/plugins\/seo\/ -->\n<title>The Reindeer - a carrier of S\u00e1mi culture - Visit Alta - English<\/title>\n<meta name=\"robots\" content=\"index, follow, max-snippet:-1, max-image-preview:large, max-video-preview:-1\" \/>\n<link rel=\"canonical\" href=\"https:\/\/visitalta.no\/en\/product\/the-reindeer-a-carrier-of-sami-culture\/\" \/>\n<meta property=\"og:locale\" content=\"en_US\" \/>\n<meta property=\"og:type\" content=\"article\" \/>\n<meta property=\"og:title\" content=\"The Reindeer - a carrier of S\u00e1mi culture\" \/>\n<meta property=\"og:description\" content=\"The reindeer, an animal that for generations has been significant to S\u00e1mi culture and their survival as indigenous people. The reindeer is the fundamental element for the existence of reindeer husbandry, and the entire way of life for the reindeer herding s\u00e1mi is based on the reindeer. Taking care of the animals is the highest [&hellip;]\" \/>\n<meta property=\"og:url\" content=\"https:\/\/visitalta.no\/en\/product\/the-reindeer-a-carrier-of-sami-culture\/\" \/>\n<meta property=\"og:site_name\" content=\"Visit Alta - English\" \/>\n<meta property=\"article:modified_time\" content=\"2025-09-03T08:57:56+00:00\" \/>\n<meta property=\"og:image\" content=\"https:\/\/visitalta.no\/content\/uploads\/sites\/4\/2023\/06\/reinsdyret-samisk-kulturbaerer-edited-1024x768.jpeg\" \/>\n<meta name=\"twitter:card\" content=\"summary_large_image\" \/>\n<meta name=\"twitter:image\" content=\"https:\/\/visitalta.no\/content\/uploads\/2023\/06\/reinsdyret-samisk-kulturbaerer-scaled.jpg\" \/>\n<meta name=\"twitter:label1\" content=\"Est. reading time\" \/>\n\t<meta name=\"twitter:data1\" content=\"2 minutes\" \/>\n<script type=\"application\/ld+json\" class=\"yoast-schema-graph\">{\"@context\":\"https:\/\/schema.org\",\"@graph\":[{\"@type\":\"WebPage\",\"@id\":\"https:\/\/visitalta.no\/en\/product\/the-reindeer-a-carrier-of-sami-culture\/\",\"url\":\"https:\/\/visitalta.no\/en\/product\/the-reindeer-a-carrier-of-sami-culture\/\",\"name\":\"The Reindeer - a carrier of S\u00e1mi culture - Visit Alta - English\",\"isPartOf\":{\"@id\":\"https:\/\/visitalta.no\/en\/#website\"},\"primaryImageOfPage\":{\"@id\":\"https:\/\/visitalta.no\/en\/product\/the-reindeer-a-carrier-of-sami-culture\/#primaryimage\"},\"image\":{\"@id\":\"https:\/\/visitalta.no\/en\/product\/the-reindeer-a-carrier-of-sami-culture\/#primaryimage\"},\"thumbnailUrl\":\"https:\/\/visitalta.no\/content\/uploads\/2023\/06\/reinsdyret-samisk-kulturbaerer-scaled.jpg\",\"datePublished\":\"2023-06-29T06:38:40+00:00\",\"dateModified\":\"2025-09-03T08:57:56+00:00\",\"breadcrumb\":{\"@id\":\"https:\/\/visitalta.no\/en\/product\/the-reindeer-a-carrier-of-sami-culture\/#breadcrumb\"},\"inLanguage\":\"en-US\",\"potentialAction\":[{\"@type\":\"ReadAction\",\"target\":[\"https:\/\/visitalta.no\/en\/product\/the-reindeer-a-carrier-of-sami-culture\/\"]}]},{\"@type\":\"ImageObject\",\"inLanguage\":\"en-US\",\"@id\":\"https:\/\/visitalta.no\/en\/product\/the-reindeer-a-carrier-of-sami-culture\/#primaryimage\",\"url\":\"https:\/\/visitalta.no\/content\/uploads\/2023\/06\/reinsdyret-samisk-kulturbaerer-scaled.jpg\",\"contentUrl\":\"https:\/\/visitalta.no\/content\/uploads\/2023\/06\/reinsdyret-samisk-kulturbaerer-scaled.jpg\"},{\"@type\":\"BreadcrumbList\",\"@id\":\"https:\/\/visitalta.no\/en\/product\/the-reindeer-a-carrier-of-sami-culture\/#breadcrumb\",\"itemListElement\":[{\"@type\":\"ListItem\",\"position\":1,\"name\":\"Home\",\"item\":\"https:\/\/visitalta.no\/en\/\"},{\"@type\":\"ListItem\",\"position\":2,\"name\":\"The Reindeer &#8211; a carrier of S\u00e1mi culture\"}]},{\"@type\":\"WebSite\",\"@id\":\"https:\/\/visitalta.no\/en\/#website\",\"url\":\"https:\/\/visitalta.no\/en\/\",\"name\":\"Visit Alta - English\",\"description\":\"This is Arctic living\",\"potentialAction\":[{\"@type\":\"SearchAction\",\"target\":{\"@type\":\"EntryPoint\",\"urlTemplate\":\"https:\/\/visitalta.no\/en\/?s={search_term_string}\"},\"query-input\":{\"@type\":\"PropertyValueSpecification\",\"valueRequired\":true,\"valueName\":\"search_term_string\"}}],\"inLanguage\":\"en-US\"}]}<\/script>\n<!-- \/ Yoast SEO Premium plugin. -->","yoast_head_json":{"title":"The Reindeer - a carrier of S\u00e1mi culture - Visit Alta - English","robots":{"index":"index","follow":"follow","max-snippet":"max-snippet:-1","max-image-preview":"max-image-preview:large","max-video-preview":"max-video-preview:-1"},"canonical":"https:\/\/visitalta.no\/en\/product\/the-reindeer-a-carrier-of-sami-culture\/","og_locale":"en_US","og_type":"article","og_title":"The Reindeer - a carrier of S\u00e1mi culture","og_description":"The reindeer, an animal that for generations has been significant to S\u00e1mi culture and their survival as indigenous people. The reindeer is the fundamental element for the existence of reindeer husbandry, and the entire way of life for the reindeer herding s\u00e1mi is based on the reindeer. Taking care of the animals is the highest [&hellip;]","og_url":"https:\/\/visitalta.no\/en\/product\/the-reindeer-a-carrier-of-sami-culture\/","og_site_name":"Visit Alta - English","article_modified_time":"2025-09-03T08:57:56+00:00","og_image":[{"url":"https:\/\/visitalta.no\/content\/uploads\/sites\/4\/2023\/06\/reinsdyret-samisk-kulturbaerer-edited-1024x768.jpeg","type":"","width":"","height":""}],"twitter_card":"summary_large_image","twitter_image":"https:\/\/visitalta.no\/content\/uploads\/2023\/06\/reinsdyret-samisk-kulturbaerer-scaled.jpg","twitter_misc":{"Est. reading time":"2 minutes"},"schema":{"@context":"https:\/\/schema.org","@graph":[{"@type":"WebPage","@id":"https:\/\/visitalta.no\/en\/product\/the-reindeer-a-carrier-of-sami-culture\/","url":"https:\/\/visitalta.no\/en\/product\/the-reindeer-a-carrier-of-sami-culture\/","name":"The Reindeer - a carrier of S\u00e1mi culture - Visit Alta - English","isPartOf":{"@id":"https:\/\/visitalta.no\/en\/#website"},"primaryImageOfPage":{"@id":"https:\/\/visitalta.no\/en\/product\/the-reindeer-a-carrier-of-sami-culture\/#primaryimage"},"image":{"@id":"https:\/\/visitalta.no\/en\/product\/the-reindeer-a-carrier-of-sami-culture\/#primaryimage"},"thumbnailUrl":"https:\/\/visitalta.no\/content\/uploads\/2023\/06\/reinsdyret-samisk-kulturbaerer-scaled.jpg","datePublished":"2023-06-29T06:38:40+00:00","dateModified":"2025-09-03T08:57:56+00:00","breadcrumb":{"@id":"https:\/\/visitalta.no\/en\/product\/the-reindeer-a-carrier-of-sami-culture\/#breadcrumb"},"inLanguage":"en-US","potentialAction":[{"@type":"ReadAction","target":["https:\/\/visitalta.no\/en\/product\/the-reindeer-a-carrier-of-sami-culture\/"]}]},{"@type":"ImageObject","inLanguage":"en-US","@id":"https:\/\/visitalta.no\/en\/product\/the-reindeer-a-carrier-of-sami-culture\/#primaryimage","url":"https:\/\/visitalta.no\/content\/uploads\/2023\/06\/reinsdyret-samisk-kulturbaerer-scaled.jpg","contentUrl":"https:\/\/visitalta.no\/content\/uploads\/2023\/06\/reinsdyret-samisk-kulturbaerer-scaled.jpg"},{"@type":"BreadcrumbList","@id":"https:\/\/visitalta.no\/en\/product\/the-reindeer-a-carrier-of-sami-culture\/#breadcrumb","itemListElement":[{"@type":"ListItem","position":1,"name":"Home","item":"https:\/\/visitalta.no\/en\/"},{"@type":"ListItem","position":2,"name":"The Reindeer &#8211; a carrier of S\u00e1mi culture"}]},{"@type":"WebSite","@id":"https:\/\/visitalta.no\/en\/#website","url":"https:\/\/visitalta.no\/en\/","name":"Visit Alta - English","description":"This is Arctic living","potentialAction":[{"@type":"SearchAction","target":{"@type":"EntryPoint","urlTemplate":"https:\/\/visitalta.no\/en\/?s={search_term_string}"},"query-input":{"@type":"PropertyValueSpecification","valueRequired":true,"valueName":"search_term_string"}}],"inLanguage":"en-US"}]}},"_links":{"self":[{"href":"https:\/\/visitalta.no\/en\/wp-json\/wp\/v2\/product\/1308","targetHints":{"allow":["GET"]}}],"collection":[{"href":"https:\/\/visitalta.no\/en\/wp-json\/wp\/v2\/product"}],"about":[{"href":"https:\/\/visitalta.no\/en\/wp-json\/wp\/v2\/types\/product"}],"wp:featuredmedia":[{"embeddable":true,"href":"https:\/\/visitalta.no\/en\/wp-json\/"}],"wp:attachment":[{"href":"https:\/\/visitalta.no\/en\/wp-json\/wp\/v2\/media?parent=1308"}],"wp:term":[{"taxonomy":"activity_type","embeddable":true,"href":"https:\/\/visitalta.no\/en\/wp-json\/wp\/v2\/activity_type?post=1308"},{"taxonomy":"season","embeddable":true,"href":"https:\/\/visitalta.no\/en\/wp-json\/wp\/v2\/season?post=1308"},{"taxonomy":"target_group","embeddable":true,"href":"https:\/\/visitalta.no\/en\/wp-json\/wp\/v2\/target_group?post=1308"},{"taxonomy":"types_of_suppliers","embeddable":true,"href":"https:\/\/visitalta.no\/en\/wp-json\/wp\/v2\/types_of_suppliers?post=1308"},{"taxonomy":"provider","embeddable":true,"href":"https:\/\/visitalta.no\/en\/wp-json\/wp\/v2\/provider?post=1308"}],"curies":[{"name":"wp","href":"https:\/\/api.w.org\/{rel}","templated":true}]}}