{"id":960,"date":"2022-06-23T12:19:18","date_gmt":"2022-06-23T12:19:18","guid":{"rendered":"https:\/\/visitalta.no\/en\/?page_id=960"},"modified":"2025-09-03T08:57:58","modified_gmt":"2025-09-03T08:57:58","slug":"travel-to-alta","status":"publish","type":"page","link":"https:\/\/visitalta.no\/en\/tourist-information\/travel-to-alta\/","title":{"rendered":"Travel to Alta"},"content":{"rendered":"\n\t\t<div class=\"wp-block-vnn-ingress\">\n\t\t\t<div class=\"vnn__ingress\">\n\t\t\t\tAlta is located in Finnmark county, the northernmost part of Norway. Alta is the largest and most populous city in Finnmark. There are several ways to travel to Alta.\n\t\t\t<\/div>\n\t\t\t\n\t\t<\/div>\n\n\n<h3 class=\"wp-block-heading\" id=\"h-travel-to-alta-by-plane\">Travel to Alta by plane<\/h3>\n\n\n\n<p><strong>Airport:<\/strong> Alta Airport is located 5 kilometers from the city center. There are departures Sunday-Friday to and from Oslo Airport Gardermoen and Troms\u00f8 Airport. There are also further connections to and from smaller towns in Finnmark, such as Hammerfest, Honningsv\u00e5g, Vads\u00f8 and Kirkenes<\/p>\n\n\n\n<p><strong>Flight time:<\/strong> Oslo-Alta takes 2 hours, Troms\u00f8-Alta takes 30 minutes and Kirkenes-Alta takes 50 minutes.<\/p>\n\n\n\n<p><strong>Direct route from Frankfurt:<\/strong> It was recently announced that a <a href=\"https:\/\/kommunikasjon.ntb.no\/pressemelding\/18039533\/discover-airlines-opens-finnmark-to-europe-with-new-direct-route?publisherId=17507039&amp;lang=en\" target=\"_blank\" rel=\"noreferrer noopener\">new direct route from Frankfurt to Alta will be opened<\/a> in December 2025. The flights can be booked on <a href=\"https:\/\/discover-airlines.com\" target=\"_blank\" rel=\"noreferrer noopener\">discover-airlines.com<\/a>, in travel agencies and via all booking channels and websites of the Lufthansa Group.<\/p>\n\n\n\n<figure class=\"wp-block-image size-large\"><img loading=\"lazy\" decoding=\"async\" width=\"1024\" height=\"683\" src=\"https:\/\/visitalta.no\/content\/uploads\/2024\/09\/Discover-Airlines_A330-300_-1-1024x683.jpg\" alt=\"\" class=\"wp-image-4396\" srcset=\"https:\/\/visitalta.no\/content\/uploads\/2024\/09\/Discover-Airlines_A330-300_-1-1024x683.jpg 1024w, https:\/\/visitalta.no\/content\/uploads\/2024\/09\/Discover-Airlines_A330-300_-1-300x200.jpg 300w, https:\/\/visitalta.no\/content\/uploads\/2024\/09\/Discover-Airlines_A330-300_-1-768x512.jpg 768w, https:\/\/visitalta.no\/content\/uploads\/2024\/09\/Discover-Airlines_A330-300_-1-1536x1024.jpg 1536w, https:\/\/visitalta.no\/content\/uploads\/2024\/09\/Discover-Airlines_A330-300_-1-2048x1365.jpg 2048w\" sizes=\"auto, (max-width: 1024px) 100vw, 1024px\" \/><\/figure>\n\n\n\n<p><strong>To and from the airport:<\/strong> The airport bus is operated by Snelandia. From Alta there are bus connections to many places in Finnmark. The travel time to the city center is approx. 10 minutes. Alta Taxi has a stop outside the arrival hall and can also be booked by phone on +47 78 43 53 53.<\/p>\n\n\n\n<h3 class=\"wp-block-heading\">Arrival by boat or cruise ship<\/h3>\n\n\n\n<p>Alta Harbor is 5 kilometers from the city center and is located close to the airport. There are departures Sunday-Friday to Hammerfest with Vargsundekspressen via Storekorsnes. The boat takes about 1.5 hours to Hammerfest.<\/p>\n\n\n\n<p>Cruiseships arrive at Alta Harbour. To reach city center or <a href=\"https:\/\/visitalta.no\/en\/supplier\/alta-museum\/\">Alta Museum<\/a> it is easy to take bus 42 from Alta airport (600 meters) or Betongveien (600 meters). <\/p>\n\n\n\n<h3 class=\"wp-block-heading\">Travel to Alta by car<\/h3>\n\n\n\n<p>The European roads E6 and E45 meet in Alta. The E6 takes you south to Trondheim and Oslo, and northeast to Kirkenes. The E45 takes you to Kautokeino and further into Finland and Sweden.<\/p>\n\n\n\n<p>Troms\u00f8 &#8211; Alta: 6 hours<br>Kautokeino &#8211; Alta: 2 hours<br>Hammerfest &#8211; Alta: 2 hours<br>Honningsv\u00e5g &#8211; Alta: 3 hours<br>Kirkenes &#8211; Alta: 6.5 hours<br>Rovaniemi &#8211; Alta: 6 hours<\/p>\n\n\n\n<p>Travelling with electric car? There are several charging stations in Alta and Finnmark. There are loads of apps and providers of charging stations. <a href=\"https:\/\/www.ladestasjoner.no\/kart\/\">Here you will find a comprehensive overview of the charging stations in Alta.<\/a><\/p>\n\n\n\n<h3 class=\"wp-block-heading\">Travel to Alta by bus<\/h3>\n\n\n\n<p>The bus from Troms\u00f8 goes through North Troms via the E6 and you can also take a bus from smaller cities in Finnmark such as Karasjok, Kautokeino and Honningsv\u00e5g. <\/p>\n\n\n\n<ul class=\"wp-block-list\">\n<li><a href=\"https:\/\/snelandia.no\/\">Here you can find the time tables for routes in Finnmark.<\/a><\/li>\n\n\n\n<li><a href=\"https:\/\/reise.svipper.no\/\">Here you can find time tables for route to Troms\u00f8.<\/a><\/li>\n<\/ul>\n","protected":false},"excerpt":{"rendered":"<p>Travel to Alta by plane Airport: Alta Airport is located 5 kilometers from the city center. There are departures Sunday-Friday to and from Oslo Airport Gardermoen and Troms\u00f8 Airport. There are also further connections to and from smaller towns in Finnmark, such as Hammerfest, Honningsv\u00e5g, Vads\u00f8 and Kirkenes Flight time: Oslo-Alta takes 2 hours, Troms\u00f8-Alta [&hellip;]<\/p>\n","protected":false},"author":9,"featured_media":2442,"parent":954,"menu_order":0,"comment_status":"closed","ping_status":"closed","template":"","meta":{"_acf_changed":false,"_trash_the_other_posts":false,"t2_featured_media_focal_point":{"x":0.8,"y":0.31},"vnn_header_layout":"featured","vnn_header_layout_image_id":2442,"vnn_header_layout_image_focal_point_x":0.8,"vnn_header_layout_image_focal_point_y":0.26,"vnn_header_layout_description":"","vnn_header_layout_url":"","vnn_header_layout_url_text":"","vnn_header_layout_photographer":"","vnn_header_layout_video_id":"","vnn_header_layout_yt_id":"","vnn_header_layout_vimeo_id":"","teft_location_geodata_lat":0,"teft_location_geodata_lng":0,"footnotes":""},"class_list":["post-960","page","type-page","status-publish","has-post-thumbnail","hentry"],"acf":[],"yoast_head":"<!-- This site is optimized with the Yoast SEO Premium plugin v24.5 (Yoast SEO v25.3.1) - https:\/\/yoast.com\/wordpress\/plugins\/seo\/ -->\n<title>Travel to Alta - Visit Alta - English<\/title>\n<meta name=\"description\" content=\"There are several ways to travel to Alta. You can make your way to Alta by car, bus, boat, cruise ship or plane.\" \/>\n<meta name=\"robots\" content=\"index, follow, max-snippet:-1, max-image-preview:large, max-video-preview:-1\" \/>\n<link rel=\"canonical\" href=\"https:\/\/visitalta.no\/en\/tourist-information\/travel-to-alta\/\" \/>\n<meta property=\"og:locale\" content=\"en_US\" \/>\n<meta property=\"og:type\" content=\"article\" \/>\n<meta property=\"og:title\" content=\"Travel to Alta\" \/>\n<meta property=\"og:description\" content=\"There are several ways to travel to Alta. You can make your way to Alta by car, bus, boat, cruise ship or plane.\" \/>\n<meta property=\"og:url\" content=\"https:\/\/visitalta.no\/en\/tourist-information\/travel-to-alta\/\" \/>\n<meta property=\"og:site_name\" content=\"Visit Alta - English\" \/>\n<meta property=\"article:modified_time\" content=\"2025-09-03T08:57:58+00:00\" \/>\n<meta property=\"og:image\" content=\"https:\/\/visitalta.no\/content\/uploads\/sites\/4\/2024\/09\/Discover-Airlines_A330-300_-1-1024x683.jpg\" \/>\n<meta name=\"twitter:card\" content=\"summary_large_image\" \/>\n<meta name=\"twitter:image\" content=\"https:\/\/visitalta.no\/content\/uploads\/2022\/05\/58.jpg\" \/>\n<meta name=\"twitter:label1\" content=\"Est. reading time\" \/>\n\t<meta name=\"twitter:data1\" content=\"3 minutes\" \/>\n<script type=\"application\/ld+json\" class=\"yoast-schema-graph\">{\"@context\":\"https:\/\/schema.org\",\"@graph\":[{\"@type\":\"WebPage\",\"@id\":\"https:\/\/visitalta.no\/en\/tourist-information\/travel-to-alta\/\",\"url\":\"https:\/\/visitalta.no\/en\/tourist-information\/travel-to-alta\/\",\"name\":\"Travel to Alta - Visit Alta - English\",\"isPartOf\":{\"@id\":\"https:\/\/visitalta.no\/en\/#website\"},\"primaryImageOfPage\":{\"@id\":\"https:\/\/visitalta.no\/en\/tourist-information\/travel-to-alta\/#primaryimage\"},\"image\":{\"@id\":\"https:\/\/visitalta.no\/en\/tourist-information\/travel-to-alta\/#primaryimage\"},\"thumbnailUrl\":\"https:\/\/visitalta.no\/content\/uploads\/2022\/05\/58.jpg\",\"datePublished\":\"2022-06-23T12:19:18+00:00\",\"dateModified\":\"2025-09-03T08:57:58+00:00\",\"description\":\"There are several ways to travel to Alta. You can make your way to Alta by car, bus, boat, cruise ship or plane.\",\"breadcrumb\":{\"@id\":\"https:\/\/visitalta.no\/en\/tourist-information\/travel-to-alta\/#breadcrumb\"},\"inLanguage\":\"en-US\",\"potentialAction\":[{\"@type\":\"ReadAction\",\"target\":[\"https:\/\/visitalta.no\/en\/tourist-information\/travel-to-alta\/\"]}]},{\"@type\":\"ImageObject\",\"inLanguage\":\"en-US\",\"@id\":\"https:\/\/visitalta.no\/en\/tourist-information\/travel-to-alta\/#primaryimage\",\"url\":\"https:\/\/visitalta.no\/content\/uploads\/2022\/05\/58.jpg\",\"contentUrl\":\"https:\/\/visitalta.no\/content\/uploads\/2022\/05\/58.jpg\"},{\"@type\":\"BreadcrumbList\",\"@id\":\"https:\/\/visitalta.no\/en\/tourist-information\/travel-to-alta\/#breadcrumb\",\"itemListElement\":[{\"@type\":\"ListItem\",\"position\":1,\"name\":\"Home\",\"item\":\"https:\/\/visitalta.no\/en\/\"},{\"@type\":\"ListItem\",\"position\":2,\"name\":\"Tourist information\",\"item\":\"https:\/\/visitalta.no\/en\/tourist-information\/\"},{\"@type\":\"ListItem\",\"position\":3,\"name\":\"Travel to Alta\"}]},{\"@type\":\"WebSite\",\"@id\":\"https:\/\/visitalta.no\/en\/#website\",\"url\":\"https:\/\/visitalta.no\/en\/\",\"name\":\"Visit Alta - English\",\"description\":\"This is Arctic living\",\"potentialAction\":[{\"@type\":\"SearchAction\",\"target\":{\"@type\":\"EntryPoint\",\"urlTemplate\":\"https:\/\/visitalta.no\/en\/?s={search_term_string}\"},\"query-input\":{\"@type\":\"PropertyValueSpecification\",\"valueRequired\":true,\"valueName\":\"search_term_string\"}}],\"inLanguage\":\"en-US\"}]}<\/script>\n<!-- \/ Yoast SEO Premium plugin. -->","yoast_head_json":{"title":"Travel to Alta - Visit Alta - English","description":"There are several ways to travel to Alta. You can make your way to Alta by car, bus, boat, cruise ship or plane.","robots":{"index":"index","follow":"follow","max-snippet":"max-snippet:-1","max-image-preview":"max-image-preview:large","max-video-preview":"max-video-preview:-1"},"canonical":"https:\/\/visitalta.no\/en\/tourist-information\/travel-to-alta\/","og_locale":"en_US","og_type":"article","og_title":"Travel to Alta","og_description":"There are several ways to travel to Alta. You can make your way to Alta by car, bus, boat, cruise ship or plane.","og_url":"https:\/\/visitalta.no\/en\/tourist-information\/travel-to-alta\/","og_site_name":"Visit Alta - English","article_modified_time":"2025-09-03T08:57:58+00:00","og_image":[{"url":"https:\/\/visitalta.no\/content\/uploads\/sites\/4\/2024\/09\/Discover-Airlines_A330-300_-1-1024x683.jpg","type":"","width":"","height":""}],"twitter_card":"summary_large_image","twitter_image":"https:\/\/visitalta.no\/content\/uploads\/2022\/05\/58.jpg","twitter_misc":{"Est. reading time":"3 minutes"},"schema":{"@context":"https:\/\/schema.org","@graph":[{"@type":"WebPage","@id":"https:\/\/visitalta.no\/en\/tourist-information\/travel-to-alta\/","url":"https:\/\/visitalta.no\/en\/tourist-information\/travel-to-alta\/","name":"Travel to Alta - Visit Alta - English","isPartOf":{"@id":"https:\/\/visitalta.no\/en\/#website"},"primaryImageOfPage":{"@id":"https:\/\/visitalta.no\/en\/tourist-information\/travel-to-alta\/#primaryimage"},"image":{"@id":"https:\/\/visitalta.no\/en\/tourist-information\/travel-to-alta\/#primaryimage"},"thumbnailUrl":"https:\/\/visitalta.no\/content\/uploads\/2022\/05\/58.jpg","datePublished":"2022-06-23T12:19:18+00:00","dateModified":"2025-09-03T08:57:58+00:00","description":"There are several ways to travel to Alta. You can make your way to Alta by car, bus, boat, cruise ship or plane.","breadcrumb":{"@id":"https:\/\/visitalta.no\/en\/tourist-information\/travel-to-alta\/#breadcrumb"},"inLanguage":"en-US","potentialAction":[{"@type":"ReadAction","target":["https:\/\/visitalta.no\/en\/tourist-information\/travel-to-alta\/"]}]},{"@type":"ImageObject","inLanguage":"en-US","@id":"https:\/\/visitalta.no\/en\/tourist-information\/travel-to-alta\/#primaryimage","url":"https:\/\/visitalta.no\/content\/uploads\/2022\/05\/58.jpg","contentUrl":"https:\/\/visitalta.no\/content\/uploads\/2022\/05\/58.jpg"},{"@type":"BreadcrumbList","@id":"https:\/\/visitalta.no\/en\/tourist-information\/travel-to-alta\/#breadcrumb","itemListElement":[{"@type":"ListItem","position":1,"name":"Home","item":"https:\/\/visitalta.no\/en\/"},{"@type":"ListItem","position":2,"name":"Tourist information","item":"https:\/\/visitalta.no\/en\/tourist-information\/"},{"@type":"ListItem","position":3,"name":"Travel to Alta"}]},{"@type":"WebSite","@id":"https:\/\/visitalta.no\/en\/#website","url":"https:\/\/visitalta.no\/en\/","name":"Visit Alta - English","description":"This is Arctic living","potentialAction":[{"@type":"SearchAction","target":{"@type":"EntryPoint","urlTemplate":"https:\/\/visitalta.no\/en\/?s={search_term_string}"},"query-input":{"@type":"PropertyValueSpecification","valueRequired":true,"valueName":"search_term_string"}}],"inLanguage":"en-US"}]}},"_links":{"self":[{"href":"https:\/\/visitalta.no\/en\/wp-json\/wp\/v2\/pages\/960","targetHints":{"allow":["GET"]}}],"collection":[{"href":"https:\/\/visitalta.no\/en\/wp-json\/wp\/v2\/pages"}],"about":[{"href":"https:\/\/visitalta.no\/en\/wp-json\/wp\/v2\/types\/page"}],"author":[{"embeddable":true,"href":"https:\/\/visitalta.no\/en\/wp-json\/wp\/v2\/users\/9"}],"replies":[{"embeddable":true,"href":"https:\/\/visitalta.no\/en\/wp-json\/wp\/v2\/comments?post=960"}],"version-history":[{"count":5,"href":"https:\/\/visitalta.no\/en\/wp-json\/wp\/v2\/pages\/960\/revisions"}],"predecessor-version":[{"id":2247,"href":"https:\/\/visitalta.no\/en\/wp-json\/wp\/v2\/pages\/960\/revisions\/2247"}],"up":[{"embeddable":true,"href":"https:\/\/visitalta.no\/en\/wp-json\/wp\/v2\/pages\/954"}],"wp:featuredmedia":[{"embeddable":true,"href":"https:\/\/visitalta.no\/en\/wp-json\/wp\/v2\/article\/2442"}],"wp:attachment":[{"href":"https:\/\/visitalta.no\/en\/wp-json\/wp\/v2\/media?parent=960"}],"curies":[{"name":"wp","href":"https:\/\/api.w.org\/{rel}","templated":true}]}}