{"id":688,"date":"2021-10-26T12:09:36","date_gmt":"2021-10-26T12:09:36","guid":{"rendered":"https:\/\/visitalta.no\/en\/?page_id=688"},"modified":"2025-09-03T08:57:59","modified_gmt":"2025-09-03T08:57:59","slug":"winter-in-alta","status":"publish","type":"page","link":"https:\/\/visitalta.no\/en\/winter-in-alta\/","title":{"rendered":"Winter in Alta"},"content":{"rendered":"\n\t\t<div class=\"wp-block-vnn-ingress\">\n\t\t\t<div class=\"vnn__ingress\">\n\t\t\t\tWinter is the time of light in Alta. The polar night, northern lights and the artic light with it&#8217;s pink and golden hues, take centre stage. The perfect backdrop for a season jam-packed with adventures, both in- and outdoors.\n\t\t\t<\/div>\n\t\t\t\n\t\t<\/div>\n\n\n<p>There is something special about the Arctic winter. Nature turns into a glittering white, pink and blue fairyland \u2013 sharper and fresher and yet more fragile at the same time. When you watch the norhen lights spin playfully across the winter sky. As you expirinese the frist golden rays of snulight on the mountaintop come the end of polar night. Or as you visit the ice hotel, where the snowy walls and ice sculptures color the light with a blueish hue and creates an extraordinary, mystical mood. A long lost sensetion may come to you, that magic is real after all.<\/p>\n\n\n\n<h3 class=\"wp-block-heading\" id=\"h-who-are-you-travelling-with\">Who are you travelling with?<\/h3>\n\n\n<div class=\"t2-featured-content-layout alignwide alignwide wp-block-t2-featured-content-layout\" role=\"list\"><div class=\"t2-featured-single-post t2-featured-content is-post-type-page wp-block-t2-featured-single-post t2-featured-content-layout-col-4\" role=\"listitem\">\n\t\t<div class=\"default-card wp-block-t2-wrapper\">\n<a class=\"t2-post-link wp-block-t2-post-link\" href=\"https:\/\/visitalta.no\/en\/winter-in-alta\/family\/\">\n<div class=\"t2-post-dynamic-part is-source-filter filter-default_card wp-block-t2-post-dynamic-part\">\n\t\t<figure style=\"--t2-focal-point: 40% 56%;\" class=\"t2-post-featured-image has-image-ratio-16-9 wp-block-t2-post-dynamic-part\"><img loading=\"lazy\" decoding=\"async\" width=\"768\" height=\"512\" src=\"https:\/\/visitalta.no\/content\/uploads\/2020\/12\/4313B19E-F1E4-473A-8881-1D7DB382C99F-768x512.jpeg\" class=\"attachment-medium_large size-medium_large\" alt=\"\" \/><\/figure>\n\t\t<div class=\"card-content\">\n\t\t\t\n\t\t\t<h2>Familytime in the Arctic nature<\/h2>\n\t\t\t\n\t\t<\/div><\/div>\n<\/a>\n<\/div>\n<\/div><div class=\"t2-featured-single-post t2-featured-content is-post-type-page wp-block-t2-featured-single-post t2-featured-content-layout-col-4\" role=\"listitem\">\n\t\t<div class=\"default-card wp-block-t2-wrapper\">\n<a class=\"t2-post-link wp-block-t2-post-link\" href=\"https:\/\/visitalta.no\/en\/winter-in-alta\/friendship-bonders\/\">\n<div class=\"t2-post-dynamic-part is-source-filter filter-default_card wp-block-t2-post-dynamic-part\">\n\t\t<figure style=\"--t2-focal-point: 50% 50%;\" class=\"t2-post-featured-image has-image-ratio-16-9 wp-block-t2-post-dynamic-part\"><img loading=\"lazy\" decoding=\"async\" width=\"490\" height=\"395\" src=\"https:\/\/visitalta.no\/content\/uploads\/2020\/03\/vinter-joern-losvar-sorrisniva.jpg\" class=\"attachment-medium_large size-medium_large\" alt=\"\" \/><\/figure>\n\t\t<div class=\"card-content\">\n\t\t\t\n\t\t\t<h2>Winter adventure with your friends<\/h2>\n\t\t\t\n\t\t<\/div><\/div>\n<\/a>\n<\/div>\n<\/div><div class=\"t2-featured-single-post t2-featured-content is-post-type-page wp-block-t2-featured-single-post t2-featured-content-layout-col-4\" role=\"listitem\">\n\t\t<div class=\"default-card wp-block-t2-wrapper\">\n<a class=\"t2-post-link wp-block-t2-post-link\" href=\"https:\/\/visitalta.no\/en\/winter-in-alta\/adventurous-couples\/\">\n<div class=\"t2-post-dynamic-part is-source-filter filter-default_card wp-block-t2-post-dynamic-part\">\n\t\t<figure style=\"--t2-focal-point: 23% 47%;\" class=\"t2-post-featured-image has-image-ratio-16-9 wp-block-t2-post-dynamic-part\"><img loading=\"lazy\" decoding=\"async\" width=\"768\" height=\"1151\" src=\"https:\/\/visitalta.no\/content\/uploads\/2021\/09\/Photo-2-768x1151.jpg\" class=\"attachment-medium_large size-medium_large\" alt=\"\" \/><\/figure>\n\t\t<div class=\"card-content\">\n\t\t\t\n\t\t\t<h2>Adventures with nature at the core<\/h2>\n\t\t\t\n\t\t<\/div><\/div>\n<\/a>\n<\/div>\n<\/div><div class=\"t2-featured-single-post t2-featured-content is-post-type-page wp-block-t2-featured-single-post t2-featured-content-layout-col-6\" role=\"listitem\">\n\t\t<div class=\"default-card wp-block-t2-wrapper\">\n<a class=\"t2-post-link wp-block-t2-post-link\" href=\"https:\/\/visitalta.no\/en\/winter-in-alta\/local-insider\/\">\n<div class=\"t2-post-dynamic-part is-source-filter filter-default_card wp-block-t2-post-dynamic-part\">\n\t\t<figure style=\"--t2-focal-point: 45% 60%;\" class=\"t2-post-featured-image has-image-ratio-16-9 wp-block-t2-post-dynamic-part\"><img loading=\"lazy\" decoding=\"async\" width=\"768\" height=\"512\" src=\"https:\/\/visitalta.no\/content\/uploads\/2020\/02\/image00003-768x512.jpeg\" class=\"attachment-medium_large size-medium_large\" alt=\"\" \/><\/figure>\n\t\t<div class=\"card-content\">\n\t\t\t\n\t\t\t<h2>Local culture in winter\u2019s garb<\/h2>\n\t\t\t\n\t\t<\/div><\/div>\n<\/a>\n<\/div>\n<\/div><div class=\"t2-featured-single-post t2-featured-content is-post-type-page wp-block-t2-featured-single-post t2-featured-content-layout-col-6\" role=\"listitem\">\n\t\t<div class=\"default-card wp-block-t2-wrapper\">\n<a class=\"t2-post-link wp-block-t2-post-link\" href=\"https:\/\/visitalta.no\/en\/winter-in-alta\/adventurers\/\">\n<div class=\"t2-post-dynamic-part is-source-filter filter-default_card wp-block-t2-post-dynamic-part\">\n\t\t<figure style=\"--t2-focal-point: 36% 60%;\" class=\"t2-post-featured-image has-image-ratio-16-9 wp-block-t2-post-dynamic-part\"><img loading=\"lazy\" decoding=\"async\" width=\"768\" height=\"432\" src=\"https:\/\/visitalta.no\/content\/uploads\/2021\/07\/DJI_0017-768x432.jpg\" class=\"attachment-medium_large size-medium_large\" alt=\"\" \/><\/figure>\n\t\t<div class=\"card-content\">\n\t\t\t\n\t\t\t<h2>An adventurer\u2019s paradise<\/h2>\n\t\t\t\n\t\t<\/div><\/div>\n<\/a>\n<\/div>\n<\/div><\/div>\n\n\n<p>Even if the winter can get cold and dark, we do not go into hiding in Alta. Winter, and spring, are the best season for our favourite outdoor activities. As a famous Norwegian saysing goes: &#8220;Det finnes ikke d\u00e5rlig v\u00e6r, bare d\u00e5rlige kl\u00e6r&#8221;- (There is no bad wether, only bad clothes.) If you dress appropriately, you won\u2019t have a problem staying outside in the cold. Winter is our peak season when it comes to tourism, with northern lights hunts, dogsledding, fatbike-tours, snowmobile adventures and whale safaris to name a few.<\/p>\n\n\n\n<p>Families and friends often gather outside, around the bonfire or the ice-fishing hole or out on an adventure in the snow-clad landscape. The locals do not tend to just stay indoors during the winter months, as many eagerly await the first snow so that they may partake in their favourite hobbies, such as skiing and snowmobiling. In addition, more and more locals in Alta take their fatbikes around and outside town as soon as the ground turns white. Whatever floats your boat, there are tracks that will take you around wherever you want to go.<\/p>\n\n\n\n<p>Winter is also the highlight for dogmushers and Alta is Europe\u2019s dogsledding hotspot. Few other places have such a high density of dogmusher in such a small area. In addition, Alta is both the start and finish line for the famous Finnmarksl\u00f8pet, Europe\u2019s longest dogsledding race. This race has a nickname \u00abthe winter\u2019s most beautiful adventure\u00bb locally and within the dogsledding community and creates a feeling of celebration and fun throughout the City of Alta. Truly worth a visit. And if you want to try your hand at dogsledding yourself, there\u2019s plenty of dogmushers that run tourism businesses in Alta. They will be more than happy to let you get a taste of the lifestyle that they are so passionate about.<\/p>\n\n\n<div class=\"t2-featured-content-layout alignwide alignwide wp-block-t2-featured-content-layout\" role=\"list\"><div class=\"t2-featured-single-post t2-featured-content is-post-type-article todo-inspiration wp-block-t2-featured-single-post t2-featured-content-layout-col-4\" role=\"listitem\">\n\t\t<div class=\"default-card wp-block-t2-wrapper\">\n<a class=\"t2-post-link wp-block-t2-post-link\" href=\"https:\/\/visitalta.no\/en\/article\/the-8-sami-seasons\/\">\n<div class=\"t2-post-dynamic-part is-source-filter filter-default_card wp-block-t2-post-dynamic-part\">\n\t\t<figure style=\"--t2-focal-point: 50% 50%;\" class=\"t2-post-featured-image has-image-ratio-16-9 wp-block-t2-post-dynamic-part\"><img loading=\"lazy\" decoding=\"async\" width=\"768\" height=\"512\" src=\"https:\/\/visitalta.no\/content\/uploads\/2021\/09\/011667_Maria-Louise-Somby_nordnorge.com_-768x512.jpg\" class=\"attachment-medium_large size-medium_large\" alt=\"\" \/><\/figure>\n\t\t<div class=\"card-content\">\n\t\t\t\n\t\t\t<h2>The 8 Sami seasons<\/h2>\n\t\t\t\n\t\t\t<div class=\"card-activities\">\n\t\t\t\t<svg xmlns=\"http:\/\/www.w3.org\/2000\/svg\" viewBox=\"0 0 640 512\" height=\"24\" width=\"24\" class=\"t2-icon t2-icon-activites\" aria-hidden=\"true\" focusable=\"false\"><path d=\"M625.941 293.823L421.823 497.941c-18.746 18.746-49.138 18.745-67.882 0l-.36-.36L592 259.882 331.397 0h48.721a48 48 0 0 1 33.941 14.059l211.882 211.882c18.745 18.745 18.745 49.137 0 67.882zm-128 0L293.823 497.941C284.451 507.314 272.166 512 259.882 512c-12.284 0-24.569-4.686-33.941-14.059L14.059 286.059A48 48 0 0 1 0 252.118V48C0 21.49 21.49 0 48 0h204.118a47.998 47.998 0 0 1 33.941 14.059l211.882 211.882c18.745 18.745 18.745 49.137 0 67.882zM464 259.882L252.118 48H48v204.118l211.886 211.878L464 259.882zM144 96c-26.51 0-48 21.49-48 48s21.49 48 48 48 48-21.49 48-48-21.49-48-48-48z\"><\/path><\/svg>\n\t\t\t\tInspiration\n\t\t\t<\/div>\n\t\t<\/div><\/div>\n<\/a>\n<\/div>\n<\/div><div class=\"t2-featured-single-post t2-featured-content is-post-type-article todo-inspiration wp-block-t2-featured-single-post t2-featured-content-layout-col-4\" role=\"listitem\">\n\t\t<div class=\"default-card wp-block-t2-wrapper\">\n<a class=\"t2-post-link wp-block-t2-post-link\" href=\"https:\/\/visitalta.no\/en\/article\/sorrisniva-igloo-hotel\/\">\n<div class=\"t2-post-dynamic-part is-source-filter filter-default_card wp-block-t2-post-dynamic-part\">\n\t\t<figure style=\"--t2-focal-point: 50% 50%;\" class=\"t2-post-featured-image has-image-ratio-16-9 wp-block-t2-post-dynamic-part\"><img loading=\"lazy\" decoding=\"async\" width=\"768\" height=\"512\" src=\"https:\/\/visitalta.no\/content\/uploads\/2020\/11\/Visit-Alta-Nordlys-og-overnatting-2020-Kred-Vidar-Hoel-768x512.jpg\" class=\"attachment-medium_large size-medium_large\" alt=\"\" \/><\/figure>\n\t\t<div class=\"card-content\">\n\t\t\t\n\t\t\t<h2>The hotel that melts every spring<\/h2>\n\t\t\t\n\t\t\t<div class=\"card-activities\">\n\t\t\t\t<svg xmlns=\"http:\/\/www.w3.org\/2000\/svg\" viewBox=\"0 0 640 512\" height=\"24\" width=\"24\" class=\"t2-icon t2-icon-activites\" aria-hidden=\"true\" focusable=\"false\"><path d=\"M625.941 293.823L421.823 497.941c-18.746 18.746-49.138 18.745-67.882 0l-.36-.36L592 259.882 331.397 0h48.721a48 48 0 0 1 33.941 14.059l211.882 211.882c18.745 18.745 18.745 49.137 0 67.882zm-128 0L293.823 497.941C284.451 507.314 272.166 512 259.882 512c-12.284 0-24.569-4.686-33.941-14.059L14.059 286.059A48 48 0 0 1 0 252.118V48C0 21.49 21.49 0 48 0h204.118a47.998 47.998 0 0 1 33.941 14.059l211.882 211.882c18.745 18.745 18.745 49.137 0 67.882zM464 259.882L252.118 48H48v204.118l211.886 211.878L464 259.882zM144 96c-26.51 0-48 21.49-48 48s21.49 48 48 48 48-21.49 48-48-21.49-48-48-48z\"><\/path><\/svg>\n\t\t\t\tInspiration\n\t\t\t<\/div>\n\t\t<\/div><\/div>\n<\/a>\n<\/div>\n<\/div><div class=\"t2-featured-single-post t2-featured-content is-post-type-article todo-inspiration wp-block-t2-featured-single-post t2-featured-content-layout-col-4\" role=\"listitem\">\n\t\t<div class=\"default-card wp-block-t2-wrapper\">\n<a class=\"t2-post-link wp-block-t2-post-link\" href=\"https:\/\/visitalta.no\/en\/article\/alta-the-city-of-the-northern-lights\/\">\n<div class=\"t2-post-dynamic-part is-source-filter filter-default_card wp-block-t2-post-dynamic-part\">\n\t\t<figure style=\"--t2-focal-point: 50% 50%;\" class=\"t2-post-featured-image has-image-ratio-16-9 wp-block-t2-post-dynamic-part\"><img loading=\"lazy\" decoding=\"async\" width=\"768\" height=\"576\" src=\"https:\/\/visitalta.no\/content\/uploads\/2021\/09\/Sorrisniva-Nordlys-HUW-3-768x576.jpg\" class=\"attachment-medium_large size-medium_large\" alt=\"\" \/><\/figure>\n\t\t<div class=\"card-content\">\n\t\t\t\n\t\t\t<h2>The city of the northern lights<\/h2>\n\t\t\t\n\t\t\t<div class=\"card-activities\">\n\t\t\t\t<svg xmlns=\"http:\/\/www.w3.org\/2000\/svg\" viewBox=\"0 0 640 512\" height=\"24\" width=\"24\" class=\"t2-icon t2-icon-activites\" aria-hidden=\"true\" focusable=\"false\"><path d=\"M625.941 293.823L421.823 497.941c-18.746 18.746-49.138 18.745-67.882 0l-.36-.36L592 259.882 331.397 0h48.721a48 48 0 0 1 33.941 14.059l211.882 211.882c18.745 18.745 18.745 49.137 0 67.882zm-128 0L293.823 497.941C284.451 507.314 272.166 512 259.882 512c-12.284 0-24.569-4.686-33.941-14.059L14.059 286.059A48 48 0 0 1 0 252.118V48C0 21.49 21.49 0 48 0h204.118a47.998 47.998 0 0 1 33.941 14.059l211.882 211.882c18.745 18.745 18.745 49.137 0 67.882zM464 259.882L252.118 48H48v204.118l211.886 211.878L464 259.882zM144 96c-26.51 0-48 21.49-48 48s21.49 48 48 48 48-21.49 48-48-21.49-48-48-48z\"><\/path><\/svg>\n\t\t\t\tInspiration\n\t\t\t<\/div>\n\t\t<\/div><\/div>\n<\/a>\n<\/div>\n<\/div><\/div>","protected":false},"excerpt":{"rendered":"<p>There is something special about the Arctic winter. Nature turns into a glittering white, pink and blue fairyland \u2013 sharper and fresher and yet more fragile at the same time. When you watch the norhen lights spin playfully across the winter sky. As you expirinese the frist golden rays of snulight on the mountaintop come [&hellip;]<\/p>\n","protected":false},"author":9,"featured_media":1032,"parent":0,"menu_order":0,"comment_status":"closed","ping_status":"closed","template":"","meta":{"_acf_changed":false,"_trash_the_other_posts":false,"t2_featured_media_focal_point":{"x":0.48,"y":0.72},"vnn_header_layout":"featured","vnn_header_layout_image_id":2353,"vnn_header_layout_image_focal_point_x":0.75,"vnn_header_layout_image_focal_point_y":0.53,"vnn_header_layout_description":"","vnn_header_layout_url":"","vnn_header_layout_url_text":"","vnn_header_layout_photographer":"","vnn_header_layout_video_id":"","vnn_header_layout_yt_id":"","vnn_header_layout_vimeo_id":"","teft_location_geodata_lat":0,"teft_location_geodata_lng":0,"footnotes":""},"class_list":["post-688","page","type-page","status-publish","has-post-thumbnail","hentry"],"acf":[],"yoast_head":"<!-- This site is optimized with the Yoast SEO Premium plugin v24.5 (Yoast SEO v25.3.1) - https:\/\/yoast.com\/wordpress\/plugins\/seo\/ -->\n<title>Winter in Alta - Visit Alta - English<\/title>\n<meta name=\"description\" content=\"Winter is the time of light in Alta. This city of Northen Lighs is a perfect starting point for a season jam-packed with adventures, both in-and outdoors.\" \/>\n<meta name=\"robots\" content=\"index, follow, max-snippet:-1, max-image-preview:large, max-video-preview:-1\" \/>\n<link rel=\"canonical\" href=\"https:\/\/visitalta.no\/en\/winter-in-alta\/\" \/>\n<meta property=\"og:locale\" content=\"en_US\" \/>\n<meta property=\"og:type\" content=\"article\" \/>\n<meta property=\"og:title\" content=\"Winter in Alta\" \/>\n<meta property=\"og:description\" content=\"Winter is the time of light in Alta. This city of Northen Lighs is a perfect starting point for a season jam-packed with adventures, both in-and outdoors.\" \/>\n<meta property=\"og:url\" content=\"https:\/\/visitalta.no\/en\/winter-in-alta\/\" \/>\n<meta property=\"og:site_name\" content=\"Visit Alta - English\" \/>\n<meta property=\"article:modified_time\" content=\"2025-09-03T08:57:59+00:00\" \/>\n<meta property=\"og:image\" content=\"https:\/\/visitalta.no\/content\/uploads\/2020\/11\/jaktenpa\u030anordlyset5-1.jpeg\" \/><meta property=\"og:image\" content=\"https:\/\/visitalta.no\/content\/uploads\/2022\/03\/5.-toppbilde-1024x767.jpg\" \/>\n<meta name=\"twitter:card\" content=\"summary_large_image\" \/>\n<meta name=\"twitter:image\" content=\"https:\/\/visitalta.no\/content\/uploads\/2020\/11\/jaktenpa\u030anordlyset5-1.jpeg\" \/>\n<meta name=\"twitter:label1\" content=\"Est. reading time\" \/>\n\t<meta name=\"twitter:data1\" content=\"2 minutes\" \/>\n<script type=\"application\/ld+json\" class=\"yoast-schema-graph\">{\"@context\":\"https:\/\/schema.org\",\"@graph\":[{\"@type\":\"WebPage\",\"@id\":\"https:\/\/visitalta.no\/en\/winter-in-alta\/\",\"url\":\"https:\/\/visitalta.no\/en\/winter-in-alta\/\",\"name\":\"Winter in Alta - Visit Alta - English\",\"isPartOf\":{\"@id\":\"https:\/\/visitalta.no\/en\/#website\"},\"primaryImageOfPage\":{\"@id\":\"https:\/\/visitalta.no\/en\/winter-in-alta\/#primaryimage\"},\"image\":{\"@id\":\"https:\/\/visitalta.no\/en\/winter-in-alta\/#primaryimage\"},\"thumbnailUrl\":\"https:\/\/visitalta.no\/content\/uploads\/2020\/11\/jaktenpa\u030anordlyset5-1.jpeg\",\"datePublished\":\"2021-10-26T12:09:36+00:00\",\"dateModified\":\"2025-09-03T08:57:59+00:00\",\"description\":\"Winter is the time of light in Alta. This city of Northen Lighs is a perfect starting point for a season jam-packed with adventures, both in-and outdoors.\",\"breadcrumb\":{\"@id\":\"https:\/\/visitalta.no\/en\/winter-in-alta\/#breadcrumb\"},\"inLanguage\":\"en-US\",\"potentialAction\":[{\"@type\":\"ReadAction\",\"target\":[\"https:\/\/visitalta.no\/en\/winter-in-alta\/\"]}]},{\"@type\":\"ImageObject\",\"inLanguage\":\"en-US\",\"@id\":\"https:\/\/visitalta.no\/en\/winter-in-alta\/#primaryimage\",\"url\":\"https:\/\/visitalta.no\/content\/uploads\/2020\/11\/jaktenpa\u030anordlyset5-1.jpeg\",\"contentUrl\":\"https:\/\/visitalta.no\/content\/uploads\/2020\/11\/jaktenpa\u030anordlyset5-1.jpeg\"},{\"@type\":\"BreadcrumbList\",\"@id\":\"https:\/\/visitalta.no\/en\/winter-in-alta\/#breadcrumb\",\"itemListElement\":[{\"@type\":\"ListItem\",\"position\":1,\"name\":\"Home\",\"item\":\"https:\/\/visitalta.no\/en\/\"},{\"@type\":\"ListItem\",\"position\":2,\"name\":\"Winter in Alta\"}]},{\"@type\":\"WebSite\",\"@id\":\"https:\/\/visitalta.no\/en\/#website\",\"url\":\"https:\/\/visitalta.no\/en\/\",\"name\":\"Visit Alta - English\",\"description\":\"This is Arctic living\",\"potentialAction\":[{\"@type\":\"SearchAction\",\"target\":{\"@type\":\"EntryPoint\",\"urlTemplate\":\"https:\/\/visitalta.no\/en\/?s={search_term_string}\"},\"query-input\":{\"@type\":\"PropertyValueSpecification\",\"valueRequired\":true,\"valueName\":\"search_term_string\"}}],\"inLanguage\":\"en-US\"}]}<\/script>\n<!-- \/ Yoast SEO Premium plugin. -->","yoast_head_json":{"title":"Winter in Alta - Visit Alta - English","description":"Winter is the time of light in Alta. This city of Northen Lighs is a perfect starting point for a season jam-packed with adventures, both in-and outdoors.","robots":{"index":"index","follow":"follow","max-snippet":"max-snippet:-1","max-image-preview":"max-image-preview:large","max-video-preview":"max-video-preview:-1"},"canonical":"https:\/\/visitalta.no\/en\/winter-in-alta\/","og_locale":"en_US","og_type":"article","og_title":"Winter in Alta","og_description":"Winter is the time of light in Alta. This city of Northen Lighs is a perfect starting point for a season jam-packed with adventures, both in-and outdoors.","og_url":"https:\/\/visitalta.no\/en\/winter-in-alta\/","og_site_name":"Visit Alta - English","article_modified_time":"2025-09-03T08:57:59+00:00","og_image":[{"url":"https:\/\/visitalta.no\/content\/uploads\/2020\/11\/jaktenpa\u030anordlyset5-1.jpeg","type":"","width":"","height":""},{"url":"https:\/\/visitalta.no\/content\/uploads\/2022\/03\/5.-toppbilde-1024x767.jpg","type":"","width":"","height":""}],"twitter_card":"summary_large_image","twitter_image":"https:\/\/visitalta.no\/content\/uploads\/2020\/11\/jaktenpa\u030anordlyset5-1.jpeg","twitter_misc":{"Est. reading time":"2 minutes"},"schema":{"@context":"https:\/\/schema.org","@graph":[{"@type":"WebPage","@id":"https:\/\/visitalta.no\/en\/winter-in-alta\/","url":"https:\/\/visitalta.no\/en\/winter-in-alta\/","name":"Winter in Alta - Visit Alta - English","isPartOf":{"@id":"https:\/\/visitalta.no\/en\/#website"},"primaryImageOfPage":{"@id":"https:\/\/visitalta.no\/en\/winter-in-alta\/#primaryimage"},"image":{"@id":"https:\/\/visitalta.no\/en\/winter-in-alta\/#primaryimage"},"thumbnailUrl":"https:\/\/visitalta.no\/content\/uploads\/2020\/11\/jaktenpa\u030anordlyset5-1.jpeg","datePublished":"2021-10-26T12:09:36+00:00","dateModified":"2025-09-03T08:57:59+00:00","description":"Winter is the time of light in Alta. This city of Northen Lighs is a perfect starting point for a season jam-packed with adventures, both in-and outdoors.","breadcrumb":{"@id":"https:\/\/visitalta.no\/en\/winter-in-alta\/#breadcrumb"},"inLanguage":"en-US","potentialAction":[{"@type":"ReadAction","target":["https:\/\/visitalta.no\/en\/winter-in-alta\/"]}]},{"@type":"ImageObject","inLanguage":"en-US","@id":"https:\/\/visitalta.no\/en\/winter-in-alta\/#primaryimage","url":"https:\/\/visitalta.no\/content\/uploads\/2020\/11\/jaktenpa\u030anordlyset5-1.jpeg","contentUrl":"https:\/\/visitalta.no\/content\/uploads\/2020\/11\/jaktenpa\u030anordlyset5-1.jpeg"},{"@type":"BreadcrumbList","@id":"https:\/\/visitalta.no\/en\/winter-in-alta\/#breadcrumb","itemListElement":[{"@type":"ListItem","position":1,"name":"Home","item":"https:\/\/visitalta.no\/en\/"},{"@type":"ListItem","position":2,"name":"Winter in Alta"}]},{"@type":"WebSite","@id":"https:\/\/visitalta.no\/en\/#website","url":"https:\/\/visitalta.no\/en\/","name":"Visit Alta - English","description":"This is Arctic living","potentialAction":[{"@type":"SearchAction","target":{"@type":"EntryPoint","urlTemplate":"https:\/\/visitalta.no\/en\/?s={search_term_string}"},"query-input":{"@type":"PropertyValueSpecification","valueRequired":true,"valueName":"search_term_string"}}],"inLanguage":"en-US"}]}},"_links":{"self":[{"href":"https:\/\/visitalta.no\/en\/wp-json\/wp\/v2\/pages\/688","targetHints":{"allow":["GET"]}}],"collection":[{"href":"https:\/\/visitalta.no\/en\/wp-json\/wp\/v2\/pages"}],"about":[{"href":"https:\/\/visitalta.no\/en\/wp-json\/wp\/v2\/types\/page"}],"author":[{"embeddable":true,"href":"https:\/\/visitalta.no\/en\/wp-json\/wp\/v2\/users\/9"}],"replies":[{"embeddable":true,"href":"https:\/\/visitalta.no\/en\/wp-json\/wp\/v2\/comments?post=688"}],"version-history":[{"count":5,"href":"https:\/\/visitalta.no\/en\/wp-json\/wp\/v2\/pages\/688\/revisions"}],"predecessor-version":[{"id":2279,"href":"https:\/\/visitalta.no\/en\/wp-json\/wp\/v2\/pages\/688\/revisions\/2279"}],"wp:featuredmedia":[{"embeddable":true,"href":"https:\/\/visitalta.no\/en\/wp-json\/"}],"wp:attachment":[{"href":"https:\/\/visitalta.no\/en\/wp-json\/wp\/v2\/media?parent=688"}],"curies":[{"name":"wp","href":"https:\/\/api.w.org\/{rel}","templated":true}]}}