{"id":1005,"date":"2022-08-08T10:09:02","date_gmt":"2022-08-08T10:09:02","guid":{"rendered":"https:\/\/visitalta.no\/en\/?page_id=1005"},"modified":"2025-09-03T08:57:58","modified_gmt":"2025-09-03T08:57:58","slug":"attractions-and-cultural-life-in-alta","status":"publish","type":"page","link":"https:\/\/visitalta.no\/en\/tourist-information\/attractions-and-cultural-life-in-alta\/","title":{"rendered":"Attractions and cultural life in Alta"},"content":{"rendered":"\n\t\t<div class=\"wp-block-vnn-ingress\">\n\t\t\t<div class=\"vnn__ingress\">\n\t\t\t\tThere are lots of exciting and fun things to do in Alta. Here you will find a complete overview of attractions and cultural life in Alta. \n\t\t\t<\/div>\n\t\t\t\n\t\t<\/div>\n\n\n<h3 class=\"wp-block-heading\" id=\"h-events-calendar-opplev-alta\">Events calendar &#8220;Opplev Alta&#8221; <\/h3>\n\n\n\n<p>At opplevalta.no you will find our events calendar, which will inform you about events that take place in our region. Currently, the calendar is only available in Norwegian.<\/p>\n\n\n\n<h3 class=\"wp-block-heading\">To the museums<\/h3>\n\n\n\n<p>W<a href=\"https:\/\/visitalta.no\/en\/supplier\/alta-museum\/\">orld Heritage Center for rock art &#8211; Alta Museum<\/a> is located in Hjemmeluft, approx. 5 km west of the center of Alta. Close to the museum we find one of the five rock art areas in Alta that was inscribed on UNESCO&#8217;s World Heritage List in 1985. The rock carvings are available during the snow-free period of the year, while the rest of the museum is open all year round.<\/p>\n\n\n\n<p>Tirpitz Museum is located in K\u00e5fjord. During the Second World War, the German battleship Tirpitz was never able to drop anchor and was damaged under attack by a British mini-submarine. The ship was sunk off H\u00e5k\u00f8ya in Troms on a November day in 1944. This war museum has one of the world&#8217;s largest collections of pictures and objects from the battleship &#8220;Tirpitz&#8221;. The museum is open in the summer period from 15 June to 31 August.<\/p>\n\n\n\n<h3 class=\"wp-block-heading\">Churches in Alta<\/h3>\n\n\n\n<p>The Northern Lights Cathedral Alta church is probably the best known church in Alta. As a landmark for the city, the cathedral towers at the end of the pedestrian street. But there are also 10 other churches and a church site in the municipality that are worth a visit for those interested.<\/p>\n\n\n\n<figure class=\"wp-block-image size-large\"><img loading=\"lazy\" decoding=\"async\" width=\"1024\" height=\"683\" src=\"https:\/\/visitalta.no\/content\/uploads\/2022\/04\/008464_K-foto_Alta-kirke-www.nordlyskatedral.no_-1024x683.jpg\" alt=\"\" class=\"wp-image-2372\" srcset=\"https:\/\/visitalta.no\/content\/uploads\/2022\/04\/008464_K-foto_Alta-kirke-www.nordlyskatedral.no_-1024x683.jpg 1024w, https:\/\/visitalta.no\/content\/uploads\/2022\/04\/008464_K-foto_Alta-kirke-www.nordlyskatedral.no_-300x200.jpg 300w, https:\/\/visitalta.no\/content\/uploads\/2022\/04\/008464_K-foto_Alta-kirke-www.nordlyskatedral.no_-768x512.jpg 768w, https:\/\/visitalta.no\/content\/uploads\/2022\/04\/008464_K-foto_Alta-kirke-www.nordlyskatedral.no_-1536x1024.jpg 1536w, https:\/\/visitalta.no\/content\/uploads\/2022\/04\/008464_K-foto_Alta-kirke-www.nordlyskatedral.no_-2048x1365.jpg 2048w\" sizes=\"auto, (max-width: 1024px) 100vw, 1024px\" \/><\/figure>\n\n\n\n<p>These other churches belong to Alta and Talvik parishes: Langfjord church, Talvik church, K\u00e5fjord church, Alta church, Northern Lights cathedral, Elvebakken church, Rafsbotn chapel, Leirbotn church, \u00c5r\u00f8ya church site, Storekorsnes chapel, Komagfjord church and Rognsund church.<\/p>\n\n\n\n<p>The \u00c5r\u00f8ya church site was actually the location of the first church building by the Altafjord and was built in 1694. In 1705 the church was moved to Talvik, and was demolished again in 1734.<\/p>\n\n\n\n<p>Rognsund church, Komagfjord church and \u00c5r\u00f8ya church site are located out on the islands in Altafjorden and are only accessible by speedboat or ferry.<\/p>\n\n\n\n<h3 class=\"wp-block-heading\">Shopping<\/h3>\n\n\n\n<p>There are good shopping opportunities in Finnmark&#8217;s largest city. Here you will find what you are looking for, regardless of category. There are two shopping centers in Alta: Parksenteret and AMFI Alta. At Parksenteret you will find local shops such as Kilden, Montana and Alta Blomster og decor. AMFI Alta is Finnmark&#8217;s largest shopping center with 80 shops and eateries. Alta Handelspark opens in November.<\/p>\n\n\n\n<h3 class=\"wp-block-heading\">Library<\/h3>\n\n\n\n<p>The library in Alta is a pleasant library located next to the pedestrian street. In addition to good reading material, there are often other cultural events at Alta library in the form of music, lectures and exhibitions. <a href=\"https:\/\/altabibliotek.no\/\">Here you will find an overview of opening times and events at the library.<\/a><\/p>\n\n\n\n<h3 class=\"wp-block-heading\">Cinema<\/h3>\n\n\n\n<p>Aurora kino Alta is Finnmark&#8217;s largest and most visited cinema, and is located in the same building as the Alta library. A stop here is a perfect break in everyday life. <a href=\"https:\/\/alta.aurorakino.no\/program\/today\/popularity\/all\">Here you will find the cinema program.<\/a><\/p>\n\n\n\n<h3 class=\"wp-block-heading\">Nordlysbadet<\/h3>\n\n\n\n<p>In city center, close to the Northern Lights Cathedral, you will also find Nordlysbadet. Here is something for every taste with, among other things, a swimming pool, activity pool, water slide, trample and whirlpool. The Nordlysbadet is open every day, with morning swimming on Tuesdays and Thursdays. Please note that opening hours may change on public holidays. In addition, the Actic fitness center is also located adjacent to the Nordlysbadet, where it is possible to train at a drop-in during staffed opening hours.<\/p>\n\n\n\n<h3 class=\"wp-block-heading\">Bowling<\/h3>\n\n\n\n<p>The bowling hall is located in the city center. Here there are 8 bowling alleys where you can frolic, 5 pool tables, snooker tables, table tennis tables, shuffleboard and darts. <a href=\"https:\/\/www.facebook.com\/Altabowling\/\">Here you will find information about opening hours.<\/a><\/p>\n\n\n\n<h3 class=\"wp-block-heading\">Festivals<\/h3>\n\n\n\n<p>Missing information<\/p>\n\n\n<div class=\"t2-featured-content-layout alignwide alignwide wp-block-t2-featured-content-layout\" role=\"list\"><div class=\"t2-featured-single-post t2-featured-content is-post-type-page wp-block-t2-featured-single-post t2-featured-content-layout-col-6\" role=\"listitem\">\n\t\t<div class=\"default-card wp-block-t2-wrapper\">\n<a class=\"t2-post-link wp-block-t2-post-link\" href=\"https:\/\/visitalta.no\/en\/explore\/\">\n<div class=\"t2-post-dynamic-part is-source-filter filter-default_card wp-block-t2-post-dynamic-part\">\n\t\t<figure style=\"--t2-focal-point: 48% 67%;\" class=\"t2-post-featured-image has-image-ratio-16-9 wp-block-t2-post-dynamic-part\"><img loading=\"lazy\" decoding=\"async\" width=\"768\" height=\"960\" src=\"https:\/\/visitalta.no\/content\/uploads\/2022\/05\/katjapett-768x960.jpg\" class=\"attachment-medium_large size-medium_large\" alt=\"\" \/><\/figure>\n\t\t<div class=\"card-content\">\n\t\t\t\n\t\t\t<h2>See all our experiences<\/h2>\n\t\t\t\n\t\t<\/div><\/div>\n<\/a>\n<\/div>\n<\/div><div class=\"t2-featured-single-post t2-featured-content is-post-type-page wp-block-t2-featured-single-post t2-featured-content-layout-col-6\" role=\"listitem\">\n\t\t<div class=\"default-card wp-block-t2-wrapper\">\n<a class=\"t2-post-link wp-block-t2-post-link\" href=\"https:\/\/visitalta.no\/en\/partners\/\">\n<div class=\"t2-post-dynamic-part is-source-filter filter-default_card wp-block-t2-post-dynamic-part\">\n\t\t<figure style=\"--t2-focal-point: 50% 50%;\" class=\"t2-post-featured-image has-image-ratio-16-9 wp-block-t2-post-dynamic-part\"><img loading=\"lazy\" decoding=\"async\" width=\"768\" height=\"507\" src=\"https:\/\/visitalta.no\/content\/uploads\/2020\/02\/DSC1654Michaelkaack_NORD_EKSPEDISJON-1-768x507.jpg\" class=\"attachment-medium_large size-medium_large\" alt=\"\" \/><\/figure>\n\t\t<div class=\"card-content\">\n\t\t\t\n\t\t\t<h2>Our partners<\/h2>\n\t\t\t\n\t\t<\/div><\/div>\n<\/a>\n<\/div>\n<\/div><\/div>","protected":false},"excerpt":{"rendered":"<p>Events calendar &#8220;Opplev Alta&#8221; At opplevalta.no you will find our events calendar, which will inform you about events that take place in our region. Currently, the calendar is only available in Norwegian. To the museums World Heritage Center for rock art &#8211; Alta Museum is located in Hjemmeluft, approx. 5 km west of the center [&hellip;]<\/p>\n","protected":false},"author":9,"featured_media":2611,"parent":954,"menu_order":0,"comment_status":"closed","ping_status":"closed","template":"","meta":{"_acf_changed":false,"_trash_the_other_posts":false,"t2_featured_media_focal_point":{"x":0.51,"y":0.54},"vnn_header_layout":"","vnn_header_layout_image_id":0,"vnn_header_layout_image_focal_point_x":0,"vnn_header_layout_image_focal_point_y":0,"vnn_header_layout_description":"","vnn_header_layout_url":"","vnn_header_layout_url_text":"","vnn_header_layout_photographer":"","vnn_header_layout_video_id":"","vnn_header_layout_yt_id":"","vnn_header_layout_vimeo_id":"","teft_location_geodata_lat":0,"teft_location_geodata_lng":0,"footnotes":""},"class_list":["post-1005","page","type-page","status-publish","has-post-thumbnail","hentry"],"acf":[],"yoast_head":"<!-- This site is optimized with the Yoast SEO Premium plugin v24.5 (Yoast SEO v25.3.1) - https:\/\/yoast.com\/wordpress\/plugins\/seo\/ -->\n<title>Attractions and cultural life in Alta - Visit Alta - English<\/title>\n<meta name=\"robots\" content=\"index, follow, max-snippet:-1, max-image-preview:large, max-video-preview:-1\" \/>\n<link rel=\"canonical\" href=\"https:\/\/visitalta.no\/en\/tourist-information\/attractions-and-cultural-life-in-alta\/\" \/>\n<meta property=\"og:locale\" content=\"en_US\" \/>\n<meta property=\"og:type\" content=\"article\" \/>\n<meta property=\"og:title\" content=\"Attractions and cultural life in Alta\" \/>\n<meta property=\"og:description\" content=\"Events calendar &#8220;Opplev Alta&#8221; At opplevalta.no you will find our events calendar, which will inform you about events that take place in our region. Currently, the calendar is only available in Norwegian. To the museums World Heritage Center for rock art &#8211; Alta Museum is located in Hjemmeluft, approx. 5 km west of the center [&hellip;]\" \/>\n<meta property=\"og:url\" content=\"https:\/\/visitalta.no\/en\/tourist-information\/attractions-and-cultural-life-in-alta\/\" \/>\n<meta property=\"og:site_name\" content=\"Visit Alta - English\" \/>\n<meta property=\"article:modified_time\" content=\"2025-09-03T08:57:58+00:00\" \/>\n<meta property=\"og:image\" content=\"https:\/\/visitalta.no\/content\/uploads\/sites\/4\/2022\/04\/008464_K-foto_Alta-kirke-www.nordlyskatedral.no_-1024x683.jpg\" \/>\n<meta name=\"twitter:card\" content=\"summary_large_image\" \/>\n<meta name=\"twitter:image\" content=\"https:\/\/visitalta.no\/content\/uploads\/2022\/06\/IMG_4261-scaled.jpg\" \/>\n<meta name=\"twitter:label1\" content=\"Est. reading time\" \/>\n\t<meta name=\"twitter:data1\" content=\"4 minutes\" \/>\n<script type=\"application\/ld+json\" class=\"yoast-schema-graph\">{\"@context\":\"https:\/\/schema.org\",\"@graph\":[{\"@type\":\"WebPage\",\"@id\":\"https:\/\/visitalta.no\/en\/tourist-information\/attractions-and-cultural-life-in-alta\/\",\"url\":\"https:\/\/visitalta.no\/en\/tourist-information\/attractions-and-cultural-life-in-alta\/\",\"name\":\"Attractions and cultural life in Alta - Visit Alta - English\",\"isPartOf\":{\"@id\":\"https:\/\/visitalta.no\/en\/#website\"},\"primaryImageOfPage\":{\"@id\":\"https:\/\/visitalta.no\/en\/tourist-information\/attractions-and-cultural-life-in-alta\/#primaryimage\"},\"image\":{\"@id\":\"https:\/\/visitalta.no\/en\/tourist-information\/attractions-and-cultural-life-in-alta\/#primaryimage\"},\"thumbnailUrl\":\"https:\/\/visitalta.no\/content\/uploads\/2022\/06\/IMG_4261-scaled.jpg\",\"datePublished\":\"2022-08-08T10:09:02+00:00\",\"dateModified\":\"2025-09-03T08:57:58+00:00\",\"breadcrumb\":{\"@id\":\"https:\/\/visitalta.no\/en\/tourist-information\/attractions-and-cultural-life-in-alta\/#breadcrumb\"},\"inLanguage\":\"en-US\",\"potentialAction\":[{\"@type\":\"ReadAction\",\"target\":[\"https:\/\/visitalta.no\/en\/tourist-information\/attractions-and-cultural-life-in-alta\/\"]}]},{\"@type\":\"ImageObject\",\"inLanguage\":\"en-US\",\"@id\":\"https:\/\/visitalta.no\/en\/tourist-information\/attractions-and-cultural-life-in-alta\/#primaryimage\",\"url\":\"https:\/\/visitalta.no\/content\/uploads\/2022\/06\/IMG_4261-scaled.jpg\",\"contentUrl\":\"https:\/\/visitalta.no\/content\/uploads\/2022\/06\/IMG_4261-scaled.jpg\"},{\"@type\":\"BreadcrumbList\",\"@id\":\"https:\/\/visitalta.no\/en\/tourist-information\/attractions-and-cultural-life-in-alta\/#breadcrumb\",\"itemListElement\":[{\"@type\":\"ListItem\",\"position\":1,\"name\":\"Home\",\"item\":\"https:\/\/visitalta.no\/en\/\"},{\"@type\":\"ListItem\",\"position\":2,\"name\":\"Tourist information\",\"item\":\"https:\/\/visitalta.no\/en\/tourist-information\/\"},{\"@type\":\"ListItem\",\"position\":3,\"name\":\"Attractions and cultural life in Alta\"}]},{\"@type\":\"WebSite\",\"@id\":\"https:\/\/visitalta.no\/en\/#website\",\"url\":\"https:\/\/visitalta.no\/en\/\",\"name\":\"Visit Alta - English\",\"description\":\"This is Arctic living\",\"potentialAction\":[{\"@type\":\"SearchAction\",\"target\":{\"@type\":\"EntryPoint\",\"urlTemplate\":\"https:\/\/visitalta.no\/en\/?s={search_term_string}\"},\"query-input\":{\"@type\":\"PropertyValueSpecification\",\"valueRequired\":true,\"valueName\":\"search_term_string\"}}],\"inLanguage\":\"en-US\"}]}<\/script>\n<!-- \/ Yoast SEO Premium plugin. -->","yoast_head_json":{"title":"Attractions and cultural life in Alta - Visit Alta - English","robots":{"index":"index","follow":"follow","max-snippet":"max-snippet:-1","max-image-preview":"max-image-preview:large","max-video-preview":"max-video-preview:-1"},"canonical":"https:\/\/visitalta.no\/en\/tourist-information\/attractions-and-cultural-life-in-alta\/","og_locale":"en_US","og_type":"article","og_title":"Attractions and cultural life in Alta","og_description":"Events calendar &#8220;Opplev Alta&#8221; At opplevalta.no you will find our events calendar, which will inform you about events that take place in our region. Currently, the calendar is only available in Norwegian. To the museums World Heritage Center for rock art &#8211; Alta Museum is located in Hjemmeluft, approx. 5 km west of the center [&hellip;]","og_url":"https:\/\/visitalta.no\/en\/tourist-information\/attractions-and-cultural-life-in-alta\/","og_site_name":"Visit Alta - English","article_modified_time":"2025-09-03T08:57:58+00:00","og_image":[{"url":"https:\/\/visitalta.no\/content\/uploads\/sites\/4\/2022\/04\/008464_K-foto_Alta-kirke-www.nordlyskatedral.no_-1024x683.jpg","type":"","width":"","height":""}],"twitter_card":"summary_large_image","twitter_image":"https:\/\/visitalta.no\/content\/uploads\/2022\/06\/IMG_4261-scaled.jpg","twitter_misc":{"Est. reading time":"4 minutes"},"schema":{"@context":"https:\/\/schema.org","@graph":[{"@type":"WebPage","@id":"https:\/\/visitalta.no\/en\/tourist-information\/attractions-and-cultural-life-in-alta\/","url":"https:\/\/visitalta.no\/en\/tourist-information\/attractions-and-cultural-life-in-alta\/","name":"Attractions and cultural life in Alta - Visit Alta - English","isPartOf":{"@id":"https:\/\/visitalta.no\/en\/#website"},"primaryImageOfPage":{"@id":"https:\/\/visitalta.no\/en\/tourist-information\/attractions-and-cultural-life-in-alta\/#primaryimage"},"image":{"@id":"https:\/\/visitalta.no\/en\/tourist-information\/attractions-and-cultural-life-in-alta\/#primaryimage"},"thumbnailUrl":"https:\/\/visitalta.no\/content\/uploads\/2022\/06\/IMG_4261-scaled.jpg","datePublished":"2022-08-08T10:09:02+00:00","dateModified":"2025-09-03T08:57:58+00:00","breadcrumb":{"@id":"https:\/\/visitalta.no\/en\/tourist-information\/attractions-and-cultural-life-in-alta\/#breadcrumb"},"inLanguage":"en-US","potentialAction":[{"@type":"ReadAction","target":["https:\/\/visitalta.no\/en\/tourist-information\/attractions-and-cultural-life-in-alta\/"]}]},{"@type":"ImageObject","inLanguage":"en-US","@id":"https:\/\/visitalta.no\/en\/tourist-information\/attractions-and-cultural-life-in-alta\/#primaryimage","url":"https:\/\/visitalta.no\/content\/uploads\/2022\/06\/IMG_4261-scaled.jpg","contentUrl":"https:\/\/visitalta.no\/content\/uploads\/2022\/06\/IMG_4261-scaled.jpg"},{"@type":"BreadcrumbList","@id":"https:\/\/visitalta.no\/en\/tourist-information\/attractions-and-cultural-life-in-alta\/#breadcrumb","itemListElement":[{"@type":"ListItem","position":1,"name":"Home","item":"https:\/\/visitalta.no\/en\/"},{"@type":"ListItem","position":2,"name":"Tourist information","item":"https:\/\/visitalta.no\/en\/tourist-information\/"},{"@type":"ListItem","position":3,"name":"Attractions and cultural life in Alta"}]},{"@type":"WebSite","@id":"https:\/\/visitalta.no\/en\/#website","url":"https:\/\/visitalta.no\/en\/","name":"Visit Alta - English","description":"This is Arctic living","potentialAction":[{"@type":"SearchAction","target":{"@type":"EntryPoint","urlTemplate":"https:\/\/visitalta.no\/en\/?s={search_term_string}"},"query-input":{"@type":"PropertyValueSpecification","valueRequired":true,"valueName":"search_term_string"}}],"inLanguage":"en-US"}]}},"_links":{"self":[{"href":"https:\/\/visitalta.no\/en\/wp-json\/wp\/v2\/pages\/1005","targetHints":{"allow":["GET"]}}],"collection":[{"href":"https:\/\/visitalta.no\/en\/wp-json\/wp\/v2\/pages"}],"about":[{"href":"https:\/\/visitalta.no\/en\/wp-json\/wp\/v2\/types\/page"}],"author":[{"embeddable":true,"href":"https:\/\/visitalta.no\/en\/wp-json\/wp\/v2\/users\/9"}],"replies":[{"embeddable":true,"href":"https:\/\/visitalta.no\/en\/wp-json\/wp\/v2\/comments?post=1005"}],"version-history":[{"count":4,"href":"https:\/\/visitalta.no\/en\/wp-json\/wp\/v2\/pages\/1005\/revisions"}],"predecessor-version":[{"id":2274,"href":"https:\/\/visitalta.no\/en\/wp-json\/wp\/v2\/pages\/1005\/revisions\/2274"}],"up":[{"embeddable":true,"href":"https:\/\/visitalta.no\/en\/wp-json\/wp\/v2\/pages\/954"}],"wp:featuredmedia":[{"embeddable":true,"href":"https:\/\/visitalta.no\/en\/wp-json\/"}],"wp:attachment":[{"href":"https:\/\/visitalta.no\/en\/wp-json\/wp\/v2\/media?parent=1005"}],"curies":[{"name":"wp","href":"https:\/\/api.w.org\/{rel}","templated":true}]}}